{"id":5827,"date":"2026-04-09T12:58:35","date_gmt":"2026-04-09T10:58:35","guid":{"rendered":"https:\/\/shop.kochbz.it\/?post_type=product&#038;p=5827"},"modified":"2026-04-10T16:59:48","modified_gmt":"2026-04-10T14:59:48","slug":"brisee-teig-copia","status":"publish","type":"product","link":"https:\/\/shop.kochbz.it\/de\/produkt\/brisee-teig-copia\/","title":{"rendered":"M\u00fcrbeteig 1000g"},"content":{"rendered":"<p>Der M\u00fcrbeteig von Koch ist ein gebrauchsfertiger Teig, der aus hochwertigen Zutaten frisch zubereitet und tiefgefroren wird, um seine m\u00fcrbe und zarte Textur zu bewahren. Er eignet sich hervorragend f\u00fcr Obstkuchen, Kekse und Tortenb\u00f6den und erm\u00f6glicht hausgemachte Qualit\u00e4t mit minimalem Aufwand. Nach dem Auftauen bei Zimmertemperatur l\u00e4sst er sich m\u00fchelos ausrollen und kreativ weiterverarbeiten.<\/p>\n","protected":false},"excerpt":{"rendered":"<p>Packung zu 1000 g<\/p>\n","protected":false},"featured_media":5842,"template":"","meta":{"site-sidebar-layout":"default","site-content-layout":"","ast-site-content-layout":"default","site-content-style":"default","site-sidebar-style":"default","ast-global-header-display":"","ast-banner-title-visibility":"","ast-main-header-display":"","ast-hfb-above-header-display":"","ast-hfb-below-header-display":"","ast-hfb-mobile-header-display":"","site-post-title":"","ast-breadcrumbs-content":"","ast-featured-img":"","footer-sml-layout":"","ast-disable-related-posts":"","theme-transparent-header-meta":"default","adv-header-id-meta":"","stick-header-meta":"","header-above-stick-meta":"","header-main-stick-meta":"","header-below-stick-meta":"","astra-migrate-meta-layouts":"set","ast-page-background-enabled":"default","ast-page-background-meta":{"desktop":{"background-color":"var(--ast-global-color-5)","background-image":"","background-repeat":"repeat","background-position":"center center","background-size":"auto","background-attachment":"scroll","background-type":"","background-media":"","overlay-type":"","overlay-color":"","overlay-opacity":"","overlay-gradient":""},"tablet":{"background-color":"","background-image":"","background-repeat":"repeat","background-position":"center center","background-size":"auto","background-attachment":"scroll","background-type":"","background-media":"","overlay-type":"","overlay-color":"","overlay-opacity":"","overlay-gradient":""},"mobile":{"background-color":"","background-image":"","background-repeat":"repeat","background-position":"center center","background-size":"auto","background-attachment":"scroll","background-type":"","background-media":"","overlay-type":"","overlay-color":"","overlay-opacity":"","overlay-gradient":""}},"ast-content-background-meta":{"desktop":{"background-color":"var(--ast-global-color-4)","background-image":"","background-repeat":"repeat","background-position":"center center","background-size":"auto","background-attachment":"scroll","background-type":"","background-media":"","overlay-type":"","overlay-color":"","overlay-opacity":"","overlay-gradient":""},"tablet":{"background-color":"var(--ast-global-color-4)","background-image":"","background-repeat":"repeat","background-position":"center center","background-size":"auto","background-attachment":"scroll","background-type":"","background-media":"","overlay-type":"","overlay-color":"","overlay-opacity":"","overlay-gradient":""},"mobile":{"background-color":"var(--ast-global-color-4)","background-image":"","background-repeat":"repeat","background-position":"center center","background-size":"auto","background-attachment":"scroll","background-type":"","background-media":"","overlay-type":"","overlay-color":"","overlay-opacity":"","overlay-gradient":""}}},"product_brand":[],"product_cat":[87],"product_tag":[],"class_list":{"0":"post-5827","1":"product","2":"type-product","3":"status-publish","4":"has-post-thumbnail","6":"product_cat-unsere-teige","7":"desktop-align-left","8":"tablet-align-left","9":"mobile-align-left","11":"first","12":"instock","13":"taxable","14":"shipping-taxable","15":"purchasable","16":"product-type-simple"},"_links":{"self":[{"href":"https:\/\/shop.kochbz.it\/de\/wp-json\/wp\/v2\/product\/5827","targetHints":{"allow":["GET"]}}],"collection":[{"href":"https:\/\/shop.kochbz.it\/de\/wp-json\/wp\/v2\/product"}],"about":[{"href":"https:\/\/shop.kochbz.it\/de\/wp-json\/wp\/v2\/types\/product"}],"wp:featuredmedia":[{"embeddable":true,"href":"https:\/\/shop.kochbz.it\/de\/wp-json\/wp\/v2\/media\/5842"}],"wp:attachment":[{"href":"https:\/\/shop.kochbz.it\/de\/wp-json\/wp\/v2\/media?parent=5827"}],"wp:term":[{"taxonomy":"product_brand","embeddable":true,"href":"https:\/\/shop.kochbz.it\/de\/wp-json\/wp\/v2\/product_brand?post=5827"},{"taxonomy":"product_cat","embeddable":true,"href":"https:\/\/shop.kochbz.it\/de\/wp-json\/wp\/v2\/product_cat?post=5827"},{"taxonomy":"product_tag","embeddable":true,"href":"https:\/\/shop.kochbz.it\/de\/wp-json\/wp\/v2\/product_tag?post=5827"}],"curies":[{"name":"wp","href":"https:\/\/api.w.org\/{rel}","templated":true}]}}