{"id":5822,"date":"2026-04-09T10:30:23","date_gmt":"2026-04-09T08:30:23","guid":{"rendered":"https:\/\/shop.kochbz.it\/?post_type=product&#038;p=5822"},"modified":"2026-04-10T17:39:50","modified_gmt":"2026-04-10T15:39:50","slug":"brisee-teig-copia-2","status":"publish","type":"product","link":"https:\/\/shop.kochbz.it\/de\/produkt\/brisee-teig-copia-2\/","title":{"rendered":"Bio-Bl\u00e4tterteig gezogen"},"content":{"rendered":"<p>Der <strong>Bio-Bl\u00e4tterteig<\/strong> ist ein mehrlagiger Zieteig, welcher seinen Ursprung im Mittelmeerraum hat. Er entsteht durch mehrfaches ausrollen und zusammenschlagen des Teiges. Bei Koch besteht der Teig aus 144 Schichten\/Bl\u00e4tter. Daher wird er gebacken, sehr luftig und knusprig.<br \/>\nGeeignet ist der frisch <strong>gefrorene<\/strong> <strong>Bio-Bl\u00e4tterteig<\/strong> f\u00fcr s\u00fc\u00dfe wie auch f\u00fcr herzhafte Gerichte. Er ist sehr vielseitig und kann f\u00fcr Geburtstagstorten, f\u00fcr die Aperitivh\u00e4ppchen oder f\u00fcr das Fr\u00fchst\u00fccksgeb\u00e4ck eingesetzt.<\/p>\n","protected":false},"excerpt":{"rendered":"<p>Packung zu 500g<\/p>\n","protected":false},"featured_media":5847,"template":"","meta":{"site-sidebar-layout":"default","site-content-layout":"","ast-site-content-layout":"default","site-content-style":"default","site-sidebar-style":"default","ast-global-header-display":"","ast-banner-title-visibility":"","ast-main-header-display":"","ast-hfb-above-header-display":"","ast-hfb-below-header-display":"","ast-hfb-mobile-header-display":"","site-post-title":"","ast-breadcrumbs-content":"","ast-featured-img":"","footer-sml-layout":"","ast-disable-related-posts":"","theme-transparent-header-meta":"default","adv-header-id-meta":"","stick-header-meta":"","header-above-stick-meta":"","header-main-stick-meta":"","header-below-stick-meta":"","astra-migrate-meta-layouts":"set","ast-page-background-enabled":"default","ast-page-background-meta":{"desktop":{"background-color":"var(--ast-global-color-5)","background-image":"","background-repeat":"repeat","background-position":"center center","background-size":"auto","background-attachment":"scroll","background-type":"","background-media":"","overlay-type":"","overlay-color":"","overlay-opacity":"","overlay-gradient":""},"tablet":{"background-color":"","background-image":"","background-repeat":"repeat","background-position":"center center","background-size":"auto","background-attachment":"scroll","background-type":"","background-media":"","overlay-type":"","overlay-color":"","overlay-opacity":"","overlay-gradient":""},"mobile":{"background-color":"","background-image":"","background-repeat":"repeat","background-position":"center center","background-size":"auto","background-attachment":"scroll","background-type":"","background-media":"","overlay-type":"","overlay-color":"","overlay-opacity":"","overlay-gradient":""}},"ast-content-background-meta":{"desktop":{"background-color":"var(--ast-global-color-4)","background-image":"","background-repeat":"repeat","background-position":"center center","background-size":"auto","background-attachment":"scroll","background-type":"","background-media":"","overlay-type":"","overlay-color":"","overlay-opacity":"","overlay-gradient":""},"tablet":{"background-color":"var(--ast-global-color-4)","background-image":"","background-repeat":"repeat","background-position":"center center","background-size":"auto","background-attachment":"scroll","background-type":"","background-media":"","overlay-type":"","overlay-color":"","overlay-opacity":"","overlay-gradient":""},"mobile":{"background-color":"var(--ast-global-color-4)","background-image":"","background-repeat":"repeat","background-position":"center center","background-size":"auto","background-attachment":"scroll","background-type":"","background-media":"","overlay-type":"","overlay-color":"","overlay-opacity":"","overlay-gradient":""}}},"product_brand":[],"product_cat":[87],"product_tag":[],"class_list":{"0":"post-5822","1":"product","2":"type-product","3":"status-publish","4":"has-post-thumbnail","6":"product_cat-unsere-teige","7":"desktop-align-left","8":"tablet-align-left","9":"mobile-align-left","11":"first","12":"instock","13":"taxable","14":"shipping-taxable","15":"purchasable","16":"product-type-simple"},"_links":{"self":[{"href":"https:\/\/shop.kochbz.it\/de\/wp-json\/wp\/v2\/product\/5822","targetHints":{"allow":["GET"]}}],"collection":[{"href":"https:\/\/shop.kochbz.it\/de\/wp-json\/wp\/v2\/product"}],"about":[{"href":"https:\/\/shop.kochbz.it\/de\/wp-json\/wp\/v2\/types\/product"}],"wp:featuredmedia":[{"embeddable":true,"href":"https:\/\/shop.kochbz.it\/de\/wp-json\/wp\/v2\/media\/5847"}],"wp:attachment":[{"href":"https:\/\/shop.kochbz.it\/de\/wp-json\/wp\/v2\/media?parent=5822"}],"wp:term":[{"taxonomy":"product_brand","embeddable":true,"href":"https:\/\/shop.kochbz.it\/de\/wp-json\/wp\/v2\/product_brand?post=5822"},{"taxonomy":"product_cat","embeddable":true,"href":"https:\/\/shop.kochbz.it\/de\/wp-json\/wp\/v2\/product_cat?post=5822"},{"taxonomy":"product_tag","embeddable":true,"href":"https:\/\/shop.kochbz.it\/de\/wp-json\/wp\/v2\/product_tag?post=5822"}],"curies":[{"name":"wp","href":"https:\/\/api.w.org\/{rel}","templated":true}]}}