{"id":5496,"date":"2026-03-03T17:21:29","date_gmt":"2026-03-03T16:21:29","guid":{"rendered":"https:\/\/shop.kochbz.it\/?post_type=product&#038;p=5496"},"modified":"2026-04-03T10:32:53","modified_gmt":"2026-04-03T08:32:53","slug":"pizza-capricciosa","status":"publish","type":"product","link":"https:\/\/shop.kochbz.it\/de\/produkt\/pizza-capricciosa\/","title":{"rendered":"Pizza capricciosa &#8218;La Pizza&#8216; 400gr"},"content":{"rendered":"<p>Die Pizza Capricciosa ist ein gro\u00dfer Klassiker der italienischen kulinarischen Tradition, geliebt f\u00fcr ihren Reichtum und die Vielfalt ihrer Aromen. Sie ist die ideale Wahl f\u00fcr alle, die sich ein reichhaltiges und k\u00f6stliches Gericht w\u00fcnschen, das verschiedene Zutaten in einem perfekten geschmacklichen Gleichgewicht vereint. Schon ihr Name suggeriert eine echte kulinarische \u201eLaune\u201c, eine harmonische Mischung, die geschaffen wurde, um selbst die anspruchsvollsten und unentschlossensten Gaumen zu befriedigen.<\/p>\n","protected":false},"excerpt":{"rendered":"<p>Packung zu 400 gr<\/p>\n","protected":false},"featured_media":5498,"template":"","meta":{"site-sidebar-layout":"default","site-content-layout":"","ast-site-content-layout":"default","site-content-style":"default","site-sidebar-style":"default","ast-global-header-display":"","ast-banner-title-visibility":"","ast-main-header-display":"","ast-hfb-above-header-display":"","ast-hfb-below-header-display":"","ast-hfb-mobile-header-display":"","site-post-title":"","ast-breadcrumbs-content":"","ast-featured-img":"","footer-sml-layout":"","ast-disable-related-posts":"","theme-transparent-header-meta":"default","adv-header-id-meta":"","stick-header-meta":"","header-above-stick-meta":"","header-main-stick-meta":"","header-below-stick-meta":"","astra-migrate-meta-layouts":"set","ast-page-background-enabled":"default","ast-page-background-meta":{"desktop":{"background-color":"var(--ast-global-color-5)","background-image":"","background-repeat":"repeat","background-position":"center center","background-size":"auto","background-attachment":"scroll","background-type":"","background-media":"","overlay-type":"","overlay-color":"","overlay-opacity":"","overlay-gradient":""},"tablet":{"background-color":"","background-image":"","background-repeat":"repeat","background-position":"center center","background-size":"auto","background-attachment":"scroll","background-type":"","background-media":"","overlay-type":"","overlay-color":"","overlay-opacity":"","overlay-gradient":""},"mobile":{"background-color":"","background-image":"","background-repeat":"repeat","background-position":"center center","background-size":"auto","background-attachment":"scroll","background-type":"","background-media":"","overlay-type":"","overlay-color":"","overlay-opacity":"","overlay-gradient":""}},"ast-content-background-meta":{"desktop":{"background-color":"var(--ast-global-color-4)","background-image":"","background-repeat":"repeat","background-position":"center center","background-size":"auto","background-attachment":"scroll","background-type":"","background-media":"","overlay-type":"","overlay-color":"","overlay-opacity":"","overlay-gradient":""},"tablet":{"background-color":"var(--ast-global-color-4)","background-image":"","background-repeat":"repeat","background-position":"center center","background-size":"auto","background-attachment":"scroll","background-type":"","background-media":"","overlay-type":"","overlay-color":"","overlay-opacity":"","overlay-gradient":""},"mobile":{"background-color":"var(--ast-global-color-4)","background-image":"","background-repeat":"repeat","background-position":"center center","background-size":"auto","background-attachment":"scroll","background-type":"","background-media":"","overlay-type":"","overlay-color":"","overlay-opacity":"","overlay-gradient":""}}},"product_brand":[],"product_cat":[76],"product_tag":[],"class_list":{"0":"post-5496","1":"product","2":"type-product","3":"status-publish","4":"has-post-thumbnail","6":"product_cat-pizza-de","7":"desktop-align-left","8":"tablet-align-left","9":"mobile-align-left","11":"first","12":"instock","13":"taxable","14":"shipping-taxable","15":"purchasable","16":"product-type-simple"},"_links":{"self":[{"href":"https:\/\/shop.kochbz.it\/de\/wp-json\/wp\/v2\/product\/5496","targetHints":{"allow":["GET"]}}],"collection":[{"href":"https:\/\/shop.kochbz.it\/de\/wp-json\/wp\/v2\/product"}],"about":[{"href":"https:\/\/shop.kochbz.it\/de\/wp-json\/wp\/v2\/types\/product"}],"wp:featuredmedia":[{"embeddable":true,"href":"https:\/\/shop.kochbz.it\/de\/wp-json\/wp\/v2\/media\/5498"}],"wp:attachment":[{"href":"https:\/\/shop.kochbz.it\/de\/wp-json\/wp\/v2\/media?parent=5496"}],"wp:term":[{"taxonomy":"product_brand","embeddable":true,"href":"https:\/\/shop.kochbz.it\/de\/wp-json\/wp\/v2\/product_brand?post=5496"},{"taxonomy":"product_cat","embeddable":true,"href":"https:\/\/shop.kochbz.it\/de\/wp-json\/wp\/v2\/product_cat?post=5496"},{"taxonomy":"product_tag","embeddable":true,"href":"https:\/\/shop.kochbz.it\/de\/wp-json\/wp\/v2\/product_tag?post=5496"}],"curies":[{"name":"wp","href":"https:\/\/api.w.org\/{rel}","templated":true}]}}