{"id":5144,"date":"2026-02-18T12:12:40","date_gmt":"2026-02-18T11:12:40","guid":{"rendered":"https:\/\/shop.kochbz.it\/?post_type=product&#038;p=5144"},"modified":"2026-04-06T15:35:08","modified_gmt":"2026-04-06T13:35:08","slug":"focaccina-600g","status":"publish","type":"product","link":"https:\/\/shop.kochbz.it\/de\/produkt\/focaccina-600g\/","title":{"rendered":"Focaccina 600g  (4 St\u00fcck \u00e0 150 g)"},"content":{"rendered":"<p>Die Focaccina ist der perfekte Genuss f\u00fcr alle Liebhaber der mediterranen K\u00fcche. Mit einem Durchmesser von 15 cm und einem Gewicht von ca. 150 g bietet sie eine ideale Portion f\u00fcr den kleinen Hunger zwischendurch.<br \/>\nVerfeinert mit hochwertigem Oliven\u00f6l und Rosmarin, wird jede Focaccina zu einem wahren Geschmackserlebnis. Sie wird gefroren angeboten und ist somit besonders praktisch, um sie jederzeit schnell und einfach zuzubereiten.<br \/>\nOb frisch aus dem Ofen, als Snack f\u00fcr unterwegs oder als leckere Beilage zu mediterranen Gerichten \u2013 die Focaccina ist immer eine k\u00f6stliche Wahl, die den authentischen Geschmack Italiens direkt auf Ihren Teller bringt.<\/p>\n","protected":false},"excerpt":{"rendered":"<p>Packung zu 600 gr<\/p>\n","protected":false},"featured_media":5153,"template":"","meta":{"site-sidebar-layout":"default","site-content-layout":"","ast-site-content-layout":"default","site-content-style":"default","site-sidebar-style":"default","ast-global-header-display":"","ast-banner-title-visibility":"","ast-main-header-display":"","ast-hfb-above-header-display":"","ast-hfb-below-header-display":"","ast-hfb-mobile-header-display":"","site-post-title":"","ast-breadcrumbs-content":"","ast-featured-img":"","footer-sml-layout":"","ast-disable-related-posts":"","theme-transparent-header-meta":"default","adv-header-id-meta":"","stick-header-meta":"","header-above-stick-meta":"","header-main-stick-meta":"","header-below-stick-meta":"","astra-migrate-meta-layouts":"set","ast-page-background-enabled":"default","ast-page-background-meta":{"desktop":{"background-color":"var(--ast-global-color-5)","background-image":"","background-repeat":"repeat","background-position":"center center","background-size":"auto","background-attachment":"scroll","background-type":"","background-media":"","overlay-type":"","overlay-color":"","overlay-opacity":"","overlay-gradient":""},"tablet":{"background-color":"","background-image":"","background-repeat":"repeat","background-position":"center center","background-size":"auto","background-attachment":"scroll","background-type":"","background-media":"","overlay-type":"","overlay-color":"","overlay-opacity":"","overlay-gradient":""},"mobile":{"background-color":"","background-image":"","background-repeat":"repeat","background-position":"center center","background-size":"auto","background-attachment":"scroll","background-type":"","background-media":"","overlay-type":"","overlay-color":"","overlay-opacity":"","overlay-gradient":""}},"ast-content-background-meta":{"desktop":{"background-color":"var(--ast-global-color-4)","background-image":"","background-repeat":"repeat","background-position":"center center","background-size":"auto","background-attachment":"scroll","background-type":"","background-media":"","overlay-type":"","overlay-color":"","overlay-opacity":"","overlay-gradient":""},"tablet":{"background-color":"var(--ast-global-color-4)","background-image":"","background-repeat":"repeat","background-position":"center center","background-size":"auto","background-attachment":"scroll","background-type":"","background-media":"","overlay-type":"","overlay-color":"","overlay-opacity":"","overlay-gradient":""},"mobile":{"background-color":"var(--ast-global-color-4)","background-image":"","background-repeat":"repeat","background-position":"center center","background-size":"auto","background-attachment":"scroll","background-type":"","background-media":"","overlay-type":"","overlay-color":"","overlay-opacity":"","overlay-gradient":""}}},"product_brand":[],"product_cat":[76],"product_tag":[],"class_list":{"0":"post-5144","1":"product","2":"type-product","3":"status-publish","4":"has-post-thumbnail","6":"product_cat-pizza-de","7":"desktop-align-left","8":"tablet-align-left","9":"mobile-align-left","11":"first","12":"instock","13":"taxable","14":"shipping-taxable","15":"purchasable","16":"product-type-simple"},"_links":{"self":[{"href":"https:\/\/shop.kochbz.it\/de\/wp-json\/wp\/v2\/product\/5144","targetHints":{"allow":["GET"]}}],"collection":[{"href":"https:\/\/shop.kochbz.it\/de\/wp-json\/wp\/v2\/product"}],"about":[{"href":"https:\/\/shop.kochbz.it\/de\/wp-json\/wp\/v2\/types\/product"}],"wp:featuredmedia":[{"embeddable":true,"href":"https:\/\/shop.kochbz.it\/de\/wp-json\/wp\/v2\/media\/5153"}],"wp:attachment":[{"href":"https:\/\/shop.kochbz.it\/de\/wp-json\/wp\/v2\/media?parent=5144"}],"wp:term":[{"taxonomy":"product_brand","embeddable":true,"href":"https:\/\/shop.kochbz.it\/de\/wp-json\/wp\/v2\/product_brand?post=5144"},{"taxonomy":"product_cat","embeddable":true,"href":"https:\/\/shop.kochbz.it\/de\/wp-json\/wp\/v2\/product_cat?post=5144"},{"taxonomy":"product_tag","embeddable":true,"href":"https:\/\/shop.kochbz.it\/de\/wp-json\/wp\/v2\/product_tag?post=5144"}],"curies":[{"name":"wp","href":"https:\/\/api.w.org\/{rel}","templated":true}]}}