{"id":2961,"date":"2025-10-24T08:41:17","date_gmt":"2025-10-24T06:41:17","guid":{"rendered":"https:\/\/shop.kochbz.it\/?post_type=product&#038;p=2961"},"modified":"2026-03-31T10:23:51","modified_gmt":"2026-03-31T08:23:51","slug":"kaeseknoedel","status":"publish","type":"product","link":"https:\/\/shop.kochbz.it\/de\/produkt\/kaeseknoedel\/","title":{"rendered":"K\u00e4sekn\u00f6del"},"content":{"rendered":"<p>Geh\u00f6rt zu den typischen Gerichten, welche in S\u00fcdtirol als Landesgericht bekannt sind.<br \/>\nWird ein S\u00fcdtiroler nach einem typischen Gericht seiner Region gefragt, wird er sicherlich Kn\u00f6del sagen. Kn\u00f6del gibt es mittlerweile in S\u00fcdtirol in so vielen unterschiedlichen Geschmacksrichtungen und Formen: Rohnenkn\u00f6del, Brenneselkn\u00f6del, und, und, und\u2026 Doch die wohl bekanntesten sind die Spinatkn\u00f6del, K\u00e4sekn\u00f6del, Speckkn\u00f6del und Rote Bete Kn\u00f6del. Urspr\u00fcnglich waren die Kn\u00f6del das Essen der Farmersleute, Essen f\u00fcr die einfachen Leute. Aus einfachen Zutaten, die der Bauer auf seinem Hof hat, werden die k\u00f6stlichen Kn\u00f6del hergestellt. Eine s\u00e4ttigende, gute Hausmannskost f\u00fcr den hartarbeitenden Bauern war sehr wichtig. Nicht nur, um zu Kr\u00e4ften zu gelangen, aber auch um Stolz auf seine eigenen angebauten Produkte zu sein.<br \/>\nKn\u00f6del sind aus S\u00fcdtirol nicht wegzudenken, sie werden fast \u00fcberall angeboten und k\u00f6nnen als Beilage oder auch als Vorspeise serviert werden. Jeder \u201eBuschenschank\u201c, eine Gastst\u00e4tte die von Bauern gef\u00fchrt wird und in deren nur Hausmannskost angeboten wird, bietet Hausgemachte Kn\u00f6del an. Jede Familie hat seine eigene Rezeptur und so auch die Familie Gojer\/Koch.<br \/>\nKoch stellt, als Vorzeigeunternehmen in S\u00fcdtirol die typischen traditionellen Spinatkn\u00f6del, K\u00e4sekn\u00f6del und Spinatkn\u00f6del tiefgefroren her.<\/p>\n","protected":false},"excerpt":{"rendered":"<p>Packung zu 300gr<\/p>\n","protected":false},"featured_media":5051,"template":"","meta":{"site-sidebar-layout":"default","site-content-layout":"","ast-site-content-layout":"default","site-content-style":"default","site-sidebar-style":"default","ast-global-header-display":"","ast-banner-title-visibility":"","ast-main-header-display":"","ast-hfb-above-header-display":"","ast-hfb-below-header-display":"","ast-hfb-mobile-header-display":"","site-post-title":"","ast-breadcrumbs-content":"","ast-featured-img":"","footer-sml-layout":"","ast-disable-related-posts":"","theme-transparent-header-meta":"default","adv-header-id-meta":"","stick-header-meta":"","header-above-stick-meta":"","header-main-stick-meta":"","header-below-stick-meta":"","astra-migrate-meta-layouts":"set","ast-page-background-enabled":"default","ast-page-background-meta":{"desktop":{"background-color":"var(--ast-global-color-5)","background-image":"","background-repeat":"repeat","background-position":"center center","background-size":"auto","background-attachment":"scroll","background-type":"","background-media":"","overlay-type":"","overlay-color":"","overlay-opacity":"","overlay-gradient":""},"tablet":{"background-color":"","background-image":"","background-repeat":"repeat","background-position":"center center","background-size":"auto","background-attachment":"scroll","background-type":"","background-media":"","overlay-type":"","overlay-color":"","overlay-opacity":"","overlay-gradient":""},"mobile":{"background-color":"","background-image":"","background-repeat":"repeat","background-position":"center center","background-size":"auto","background-attachment":"scroll","background-type":"","background-media":"","overlay-type":"","overlay-color":"","overlay-opacity":"","overlay-gradient":""}},"ast-content-background-meta":{"desktop":{"background-color":"var(--ast-global-color-4)","background-image":"","background-repeat":"repeat","background-position":"center center","background-size":"auto","background-attachment":"scroll","background-type":"","background-media":"","overlay-type":"","overlay-color":"","overlay-opacity":"","overlay-gradient":""},"tablet":{"background-color":"var(--ast-global-color-4)","background-image":"","background-repeat":"repeat","background-position":"center center","background-size":"auto","background-attachment":"scroll","background-type":"","background-media":"","overlay-type":"","overlay-color":"","overlay-opacity":"","overlay-gradient":""},"mobile":{"background-color":"var(--ast-global-color-4)","background-image":"","background-repeat":"repeat","background-position":"center center","background-size":"auto","background-attachment":"scroll","background-type":"","background-media":"","overlay-type":"","overlay-color":"","overlay-opacity":"","overlay-gradient":""}}},"product_brand":[],"product_cat":[49],"product_tag":[],"class_list":{"0":"post-2961","1":"product","2":"type-product","3":"status-publish","4":"has-post-thumbnail","6":"product_cat-alto-adige-de","7":"desktop-align-left","8":"tablet-align-left","9":"mobile-align-left","11":"first","12":"instock","13":"taxable","14":"shipping-taxable","15":"purchasable","16":"product-type-simple"},"_links":{"self":[{"href":"https:\/\/shop.kochbz.it\/de\/wp-json\/wp\/v2\/product\/2961","targetHints":{"allow":["GET"]}}],"collection":[{"href":"https:\/\/shop.kochbz.it\/de\/wp-json\/wp\/v2\/product"}],"about":[{"href":"https:\/\/shop.kochbz.it\/de\/wp-json\/wp\/v2\/types\/product"}],"wp:featuredmedia":[{"embeddable":true,"href":"https:\/\/shop.kochbz.it\/de\/wp-json\/wp\/v2\/media\/5051"}],"wp:attachment":[{"href":"https:\/\/shop.kochbz.it\/de\/wp-json\/wp\/v2\/media?parent=2961"}],"wp:term":[{"taxonomy":"product_brand","embeddable":true,"href":"https:\/\/shop.kochbz.it\/de\/wp-json\/wp\/v2\/product_brand?post=2961"},{"taxonomy":"product_cat","embeddable":true,"href":"https:\/\/shop.kochbz.it\/de\/wp-json\/wp\/v2\/product_cat?post=2961"},{"taxonomy":"product_tag","embeddable":true,"href":"https:\/\/shop.kochbz.it\/de\/wp-json\/wp\/v2\/product_tag?post=2961"}],"curies":[{"name":"wp","href":"https:\/\/api.w.org\/{rel}","templated":true}]}}