{"id":3452,"date":"2025-09-24T15:57:53","date_gmt":"2025-09-24T13:57:53","guid":{"rendered":"https:\/\/shop.kochbz.it\/versand-und-lieferung\/"},"modified":"2026-03-13T15:11:55","modified_gmt":"2026-03-13T14:11:55","slug":"versand-und-lieferung","status":"publish","type":"page","link":"https:\/\/shop.kochbz.it\/de\/versand-und-lieferung\/","title":{"rendered":"Versand und Lieferung"},"content":{"rendered":"\t\t<div data-elementor-type=\"wp-page\" data-elementor-id=\"3452\" class=\"elementor elementor-3452 elementor-1623\" data-elementor-post-type=\"page\">\n\t\t\t\t<div class=\"elementor-element elementor-element-ad620c8 e-flex e-con-boxed e-con e-parent\" data-id=\"ad620c8\" data-element_type=\"container\" data-e-type=\"container\" data-settings=\"{&quot;jet_parallax_layout_list&quot;:[]}\">\n\t\t\t\t\t<div class=\"e-con-inner\">\n\t\t\t\t<div class=\"elementor-element elementor-element-f378624 elementor-widget elementor-widget-heading\" data-id=\"f378624\" data-element_type=\"widget\" data-e-type=\"widget\" data-widget_type=\"heading.default\">\n\t\t\t\t\t<h1 class=\"elementor-heading-title elementor-size-default\">Versand und Lieferung<\/h1>\t\t\t\t<\/div>\n\t\t\t\t<div class=\"elementor-element elementor-element-ab56efe elementor-widget elementor-widget-html\" data-id=\"ab56efe\" data-element_type=\"widget\" data-e-type=\"widget\" data-widget_type=\"html.default\">\n\t\t\t\t\t<p>F\u00fcr <strong>KOCH Shop<\/strong> ist es eine grundlegende Aufgabe, sicherzustellen, dass Ihre Produkte in einwandfreiem Tiefk\u00fchlzustand bei Ihnen zu Hause ankommen. Aus diesem Grund haben wir einen speziellen Versandprozess entwickelt, um die Integrit\u00e4t der K\u00fchlkette von unserem Lager bis zu Ihrer Haust\u00fcr zu gew\u00e4hrleisten.<\/p>\r\n\r\n\r\n<h3><strong>1. Unsere Spezialverpackung<\/strong><\/h3>\r\n\r\n<p>Die Qualit\u00e4t des Transports ist genauso wichtig wie die Qualit\u00e4t des Produkts. Jede Bestellung wird unter Verwendung folgender Materialien vorbereitet:<\/p>\r\n<ul>\r\n    <li><strong>Professionelle Isolierbeh\u00e4lter:<\/strong> Hochisolierende Boxen, die die Innentemperatur \u00fcber Stunden stabil halten.<\/li>\r\n    <li><strong>Trockeneis:<\/strong> Wir verwenden die notwendige Menge an Trockeneis, um w\u00e4hrend der gesamten Transportdauer eine Temperatur von unter -18\u00b0C zu gew\u00e4hrleisten und sicherzustellen, dass die Produkte perfekt gefroren bleiben.<\/li>\r\n<\/ul>\r\n<p>Diese Art der Verpackung ist darauf ausgelegt, den Bedingungen des Expressversands standzuhalten und die Ware bis zur Lieferung zu sch\u00fctzen.<\/p>\r\n\r\n\r\n<h3><strong>2. Spediteur und Liefergebiete<\/strong><\/h3>\r\n\r\n<p>Wir betrauen unsere Sendungen ausschlie\u00dflich <strong>Expresskurieren, die auf temperaturgef\u00fchrte Transporte spezialisiert sind<\/strong>. Dies garantiert einen schnellen und professionellen Service.<\/p>\r\n<p>Wir liefern nach [Hier Liefergebiete einf\u00fcgen, z.B.: ganz Deutschland, au\u00dfer Inseln oder schwer erreichbare Gebiete]. Sie k\u00f6nnen die Verf\u00fcgbarkeit und die Kosten f\u00fcr Ihre Postleitzahl direkt an der Kasse \u00fcberpr\u00fcfen, bevor Sie die Bestellung abschlie\u00dfen.<\/p>\r\n\r\n\r\n<h3><strong>3. Bearbeitungs- und Versandzeiten<\/strong><\/h3>\r\n\r\n<p>Um zu vermeiden, dass Pakete \u00fcber das Wochenende in den Depots der Kuriere verbleiben, folgen wir einem genauen Versandplan:<\/p>\r\n<ul>\r\n    <li>Bestellungen, die von Donnerstag bis Sonntag eingehen, werden am <strong>folgenden Montag<\/strong> vorbereitet und versandt.<\/li>\r\n    <li>Bestellungen, die von Montag bis Mittwoch eingehen, werden am <strong>n\u00e4chsten Werktag<\/strong> vorbereitet und versandt.<\/li>\r\n<\/ul>\r\n<p>Sobald die Bestellung an den Kurierdienst \u00fcbergeben wurde, erfolgt die Lieferung in der Regel innerhalb von <strong>7 Tagen <\/strong>, je nach Bestimmungsort.<\/p>\r\n\r\n\r\n<h3><strong>4. Mindestbestellwert und kostenloser Versand<\/strong><\/h3>\r\n<p>Um einen effizienten und nachhaltigen Service mit Spezialverpackungen zu gew\u00e4hrleisten, ist der Versand ab einem Bestellwert <strong>von 25 \u20ac kostenlos.<\/strong><\/p>\r\n<p><strong>Bei einem Bestellwert unter 25 \u20ac betragen die Versandkosten 8,80 \u20ac.<\/strong><\/p>\r\n\r\n\r\n<h3><strong>5. Sendungsverfolgung (Tracking)<\/strong><\/h3>\r\n\r\n<p>Sobald Ihre Bestellung versandt wird, erhalten Sie eine <strong>Versandbest\u00e4tigungs-E-Mail<\/strong> mit dem Tracking-Link. Durch Klicken auf den Link k\u00f6nnen Sie den Status Ihrer Lieferung in Echtzeit verfolgen und den voraussichtlichen Liefertag erfahren.<\/p>\r\n\r\n\r\n\r\n\r\n<h3><strong>6. Ihre Verantwortung bei der Lieferung: Ein entscheidender Schritt<\/strong><\/h3>\r\n\r\n<p>Die Mithilfe des Kunden ist f\u00fcr eine erfolgreiche Lieferung unerl\u00e4sslich.<\/p>\r\n<ul>\r\n    <li><strong>Anwesenheit sicherstellen:<\/strong> Es ist von entscheidender Bedeutung, dass Sie oder eine von Ihnen beauftragte Person am voraussichtlichen Liefertag an der angegebenen Adresse anwesend sind. Der Kurier ist nicht befugt, das Paket unbeaufsichtigt abzustellen.<\/li>\r\n    <br>\r\n    <li><strong>Fehlgeschlagene Zustellung:<\/strong> Sollte der Kurier niemanden unter der angegebenen Adresse antreffen, wird das Paket eingelagert. Eventuelle zus\u00e4tzliche Kosten f\u00fcr die Lagerung oder eine erneute Zustellung gehen zu Ihren Lasten. <strong>KOCH Shop<\/strong> kann nicht f\u00fcr die Verschlechterung der Produkte haftbar gemacht werden, die durch eine fehlgeschlagene Zustellung aufgrund der Abwesenheit des Empf\u00e4ngers verursacht wird. In solchen F\u00e4llen ist keine R\u00fcckerstattung vorgesehen.<\/li>\r\n    <br>\r\n    <li><strong>Kontrolle und sofortiges Einfrieren:<\/strong> Sobald Sie das Paket erhalten, \u00fcberpr\u00fcfen Sie bitte die Unversehrtheit der Verpackung und legen Sie alle Produkte sofort in Ihren Gefrierschrank, um die K\u00fchlkette nicht zu unterbrechen.<\/li>\r\n<\/ul>\r\n\r\n\r\n<p>Bei Fragen zu unseren Versandmethoden steht Ihnen unser Kundenservice gerne unter <strong>koch.customer@kochbz.it .<\/strong><\/p>\t\t\t\t<\/div>\n\t\t\t\t\t<\/div>\n\t\t\t\t<\/div>\n\t\t\t\t<\/div>\n\t\t","protected":false},"excerpt":{"rendered":"<p>F\u00fcr KOCH Shop ist es eine grundlegende Aufgabe, sicherzustellen, dass Ihre Produkte in einwandfreiem Tiefk\u00fchlzustand bei Ihnen zu Hause ankommen. [&hellip;]<\/p>\n","protected":false},"author":1,"featured_media":0,"parent":0,"menu_order":0,"comment_status":"closed","ping_status":"closed","template":"elementor_header_footer","meta":{"site-sidebar-layout":"no-sidebar","site-content-layout":"","ast-site-content-layout":"full-width-container","site-content-style":"default","site-sidebar-style":"default","ast-global-header-display":"","ast-banner-title-visibility":"","ast-main-header-display":"","ast-hfb-above-header-display":"","ast-hfb-below-header-display":"","ast-hfb-mobile-header-display":"","site-post-title":"","ast-breadcrumbs-content":"","ast-featured-img":"disabled","footer-sml-layout":"","ast-disable-related-posts":"","theme-transparent-header-meta":"","adv-header-id-meta":"","stick-header-meta":"","header-above-stick-meta":"","header-main-stick-meta":"","header-below-stick-meta":"","astra-migrate-meta-layouts":"default","ast-page-background-enabled":"default","ast-page-background-meta":{"desktop":{"background-color":"var(--ast-global-color-5)","background-image":"","background-repeat":"repeat","background-position":"center center","background-size":"auto","background-attachment":"scroll","background-type":"","background-media":"","overlay-type":"","overlay-color":"","overlay-opacity":"","overlay-gradient":""},"tablet":{"background-color":"","background-image":"","background-repeat":"repeat","background-position":"center center","background-size":"auto","background-attachment":"scroll","background-type":"","background-media":"","overlay-type":"","overlay-color":"","overlay-opacity":"","overlay-gradient":""},"mobile":{"background-color":"","background-image":"","background-repeat":"repeat","background-position":"center center","background-size":"auto","background-attachment":"scroll","background-type":"","background-media":"","overlay-type":"","overlay-color":"","overlay-opacity":"","overlay-gradient":""}},"ast-content-background-meta":{"desktop":{"background-color":"var(--ast-global-color-4)","background-image":"","background-repeat":"repeat","background-position":"center center","background-size":"auto","background-attachment":"scroll","background-type":"","background-media":"","overlay-type":"","overlay-color":"","overlay-opacity":"","overlay-gradient":""},"tablet":{"background-color":"var(--ast-global-color-4)","background-image":"","background-repeat":"repeat","background-position":"center center","background-size":"auto","background-attachment":"scroll","background-type":"","background-media":"","overlay-type":"","overlay-color":"","overlay-opacity":"","overlay-gradient":""},"mobile":{"background-color":"var(--ast-global-color-4)","background-image":"","background-repeat":"repeat","background-position":"center center","background-size":"auto","background-attachment":"scroll","background-type":"","background-media":"","overlay-type":"","overlay-color":"","overlay-opacity":"","overlay-gradient":""}},"footnotes":""},"class_list":["post-3452","page","type-page","status-publish","hentry"],"_links":{"self":[{"href":"https:\/\/shop.kochbz.it\/de\/wp-json\/wp\/v2\/pages\/3452","targetHints":{"allow":["GET"]}}],"collection":[{"href":"https:\/\/shop.kochbz.it\/de\/wp-json\/wp\/v2\/pages"}],"about":[{"href":"https:\/\/shop.kochbz.it\/de\/wp-json\/wp\/v2\/types\/page"}],"author":[{"embeddable":true,"href":"https:\/\/shop.kochbz.it\/de\/wp-json\/wp\/v2\/users\/1"}],"replies":[{"embeddable":true,"href":"https:\/\/shop.kochbz.it\/de\/wp-json\/wp\/v2\/comments?post=3452"}],"version-history":[{"count":3,"href":"https:\/\/shop.kochbz.it\/de\/wp-json\/wp\/v2\/pages\/3452\/revisions"}],"predecessor-version":[{"id":5710,"href":"https:\/\/shop.kochbz.it\/de\/wp-json\/wp\/v2\/pages\/3452\/revisions\/5710"}],"wp:attachment":[{"href":"https:\/\/shop.kochbz.it\/de\/wp-json\/wp\/v2\/media?parent=3452"}],"curies":[{"name":"wp","href":"https:\/\/api.w.org\/{rel}","templated":true}]}}